{"id":594,"date":"2016-04-24T15:12:19","date_gmt":"2016-04-24T15:12:19","guid":{"rendered":"http:\/\/natalja-dudek.de\/?page_id=594"},"modified":"2018-02-19T16:48:15","modified_gmt":"2018-02-19T16:48:15","slug":"preise","status":"publish","type":"page","link":"http:\/\/natalja-dudek.de\/es\/preise\/","title":{"rendered":"Tarifa"},"content":{"rendered":"<p lang=\"es-ES\" align=\"justify\"><span style=\"font-family: DejaVu Sans,sans-serif;\"><span style=\"font-size: medium;\">Los precios para mis traducciones se basan en las recomendaciones sobre honorarios elaboradas por la Asociaci\u00f3n Federal de Traductores e Int\u00e9rpretes de Alemania (BD\u00dc). Los encargos se facturan por l\u00ednea est\u00e1ndar (55 caracteres incluidos los espacios) o por palabra.<\/span><\/span><\/p>\n<p align=\"justify\"><span style=\"font-family: DejaVu Sans,sans-serif;\"><span style=\"font-size: medium;\"><span lang=\"es-ES\">El coste puede variar seg\u00fan el tipo y extensi\u00f3n del texto, del plazo de entrega, etc. Para estimar el precio necesito ver el documento en original o en copia. Me lo puede hacer llegar personalmente, a trav\u00e9s de Correos o envi\u00e1ndomelo por correo electr\u00f3nico. A la brevedad le enviar\u00e9 un presupuesto, sin ning\u00fan compromiso.<\/span><\/span><\/span><\/p>\n<p align=\"justify\"><span style=\"font-family: DejaVu Sans,sans-serif;\"><span style=\"font-size: medium;\"><span lang=\"es-ES\"><b>Una traducci\u00f3n profesional vale su dinero. \u00a1<\/b>P<\/span><\/span><span style=\"font-size: medium;\"><span lang=\"es-ES\">\u00eddame un presupuesto!<\/span><\/span><\/span><\/p>\n","protected":false},"excerpt":{"rendered":"<p>Los precios para mis traducciones se basan en las recomendaciones sobre honorarios elaboradas por la Asociaci\u00f3n Federal de Traductores e Int\u00e9rpretes de Alemania (BD\u00dc). Los encargos se facturan por l\u00ednea est\u00e1ndar (55 caracteres incluidos los espacios) o por palabra. El coste puede variar seg\u00fan el tipo y extensi\u00f3n del texto, del plazo de entrega, etc. Para estimar el precio necesito ver el documento en original o en copia. Me lo puede hacer llegar personalmente, a trav\u00e9s de Correos o envi\u00e1ndomelo por correo electr\u00f3nico. A la brevedad le enviar\u00e9 un presupuesto, sin ning\u00fan compromiso. Una traducci\u00f3n profesional vale su dinero. \u00a1P\u00eddame un presupuesto!<\/p>\n","protected":false},"author":1,"featured_media":0,"parent":0,"menu_order":0,"comment_status":"closed","ping_status":"closed","template":"","meta":[],"_links":{"self":[{"href":"http:\/\/natalja-dudek.de\/es\/wp-json\/wp\/v2\/pages\/594"}],"collection":[{"href":"http:\/\/natalja-dudek.de\/es\/wp-json\/wp\/v2\/pages"}],"about":[{"href":"http:\/\/natalja-dudek.de\/es\/wp-json\/wp\/v2\/types\/page"}],"author":[{"embeddable":true,"href":"http:\/\/natalja-dudek.de\/es\/wp-json\/wp\/v2\/users\/1"}],"replies":[{"embeddable":true,"href":"http:\/\/natalja-dudek.de\/es\/wp-json\/wp\/v2\/comments?post=594"}],"version-history":[{"count":41,"href":"http:\/\/natalja-dudek.de\/es\/wp-json\/wp\/v2\/pages\/594\/revisions"}],"predecessor-version":[{"id":801,"href":"http:\/\/natalja-dudek.de\/es\/wp-json\/wp\/v2\/pages\/594\/revisions\/801"}],"wp:attachment":[{"href":"http:\/\/natalja-dudek.de\/es\/wp-json\/wp\/v2\/media?parent=594"}],"curies":[{"name":"wp","href":"https:\/\/api.w.org\/{rel}","templated":true}]}}